{"id":8745,"date":"2023-11-13T10:04:37","date_gmt":"2023-11-13T10:04:37","guid":{"rendered":"https:\/\/festival.rs\/marketing\/?page_id=8745"},"modified":"2023-11-13T11:39:56","modified_gmt":"2023-11-13T11:39:56","slug":"o-nama","status":"publish","type":"page","link":"https:\/\/festival.rs\/marketing\/o-nama\/","title":{"rendered":"O nama"},"content":{"rendered":"\t\t<div data-elementor-type=\"wp-page\" data-elementor-id=\"8745\" class=\"elementor elementor-8745\">\n\t\t\t\t\t\t\t<div class=\"elementor-element elementor-element-65a026b3 e-flex e-con-boxed e-con e-parent\" data-id=\"65a026b3\" data-element_type=\"container\" data-settings=\"{&quot;content_width&quot;:&quot;boxed&quot;}\" data-core-v316-plus=\"true\">\n\t\t\t\t\t<div class=\"e-con-inner\">\n\t\t\t\t\t<\/div>\n\t\t\t\t<\/div>\n\t\t<div class=\"elementor-element elementor-element-30e63df e-flex e-con-boxed e-con e-parent\" data-id=\"30e63df\" data-element_type=\"container\" data-settings=\"{&quot;content_width&quot;:&quot;boxed&quot;}\" data-core-v316-plus=\"true\">\n\t\t\t\t\t<div class=\"e-con-inner\">\n\t\t<div class=\"elementor-element elementor-element-d991406 e-con-full e-flex e-con e-child\" data-id=\"d991406\" data-element_type=\"container\" data-settings=\"{&quot;content_width&quot;:&quot;full&quot;}\">\n\t\t\t\t<div class=\"elementor-element elementor-element-fd873b4 elementor-widget elementor-widget-text-editor\" data-id=\"fd873b4\" data-element_type=\"widget\" data-widget_type=\"text-editor.default\">\n\t\t\t\t<div class=\"elementor-widget-container\">\n\t\t\t<style>\/*! elementor - v3.17.0 - 08-11-2023 *\/\n.elementor-widget-text-editor.elementor-drop-cap-view-stacked .elementor-drop-cap{background-color:#69727d;color:#fff}.elementor-widget-text-editor.elementor-drop-cap-view-framed .elementor-drop-cap{color:#69727d;border:3px solid;background-color:transparent}.elementor-widget-text-editor:not(.elementor-drop-cap-view-default) .elementor-drop-cap{margin-top:8px}.elementor-widget-text-editor:not(.elementor-drop-cap-view-default) .elementor-drop-cap-letter{width:1em;height:1em}.elementor-widget-text-editor .elementor-drop-cap{float:left;text-align:center;line-height:1;font-size:50px}.elementor-widget-text-editor .elementor-drop-cap-letter{display:inline-block}<\/style>\t\t\t\t<h3>Novosti od agencije za marketing &#8220;La Luna&#8221; iz slede\u0107ih oblasti:<\/h3><p>Informacije o zdravlju<br \/>Reklamne usluge<br \/>Putovanja i popusti<br \/>Plesni festivali i takmi\u010denja<br \/>Gde plesati u Srbiji<br \/>Gde iznajmiti ozvu\u010denje i led ekrane najpovoljnije<br \/>Popusti i novosti u Aqua Parku u JAGODINI<br \/>Digitalna i sito \u0161tampa na majicama<br \/>Alternmativna medicina<br \/>Plesne ve\u010deri i \u017eurke<\/p><p>Prijavite se na kontakt stranici.<\/p>\t\t\t\t\t\t<\/div>\n\t\t\t\t<\/div>\n\t\t\t\t<\/div>\n\t\t<div class=\"elementor-element elementor-element-105801f e-con-full e-flex e-con e-child\" data-id=\"105801f\" data-element_type=\"container\" data-settings=\"{&quot;content_width&quot;:&quot;full&quot;}\">\n\t\t\t\t<div class=\"elementor-element elementor-element-78c1b289 elementor-widget elementor-widget-text-editor\" data-id=\"78c1b289\" data-element_type=\"widget\" data-widget_type=\"text-editor.default\">\n\t\t\t\t<div class=\"elementor-widget-container\">\n\t\t\t\t\t\t\t<p>U fokusu agencije su efektni vidovi marketinga i promocije. Posebno je predstavljena usluga Email marketinga koji je jedan od najekonomi\u010dnijih na\u010dina promocije za bilo koji posao u cilju povezivanja sa klijentima.<\/p><h2>Agencija za marketing i trgovinu &#8220;La Luna&#8221;<\/h2><p>Adresa: Vuka Karad\u017ei\u0107a 1\/29, 35000 Jagodina<br \/>Kontakt telefon: 035 244 482, 069 500 1 500, 069 500 3 500<br \/>Email: lalunajagodina@gmail.com<br \/>PIB: 106847057<br \/>Mati\u010dni broj: 62317850<br \/>\u0160ifra delatnosti: 7311 &#8211; Delatnost reklamnih agencija<\/p>\t\t\t\t\t\t<\/div>\n\t\t\t\t<\/div>\n\t\t\t\t<\/div>\n\t\t\t\t\t<\/div>\n\t\t\t\t<\/div>\n\t\t\t\t\t\t\t<\/div>\n\t\t","protected":false},"excerpt":{"rendered":"<p>Novosti od agencije za marketing &#8220;La Luna&#8221; iz slede\u0107ih oblasti: Informacije o zdravljuReklamne uslugePutovanja i popustiPlesni festivali i takmi\u010denjaGde plesati u SrbijiGde iznajmiti ozvu\u010denje i led ekrane najpovoljnijePopusti i novosti u Aqua Parku u JAGODINIDigitalna i sito \u0161tampa na majicamaAlternmativna medicinaPlesne ve\u010deri i \u017eurke Prijavite se na kontakt stranici. U fokusu agencije su efektni vidovi [&hellip;]<\/p>\n","protected":false},"author":1,"featured_media":0,"parent":0,"menu_order":0,"comment_status":"closed","ping_status":"closed","template":"","meta":{"footnotes":""},"class_list":["post-8745","page","type-page","status-publish","hentry","no-post-thumbnail"],"acf":[],"_links":{"self":[{"href":"https:\/\/festival.rs\/marketing\/wp-json\/wp\/v2\/pages\/8745","targetHints":{"allow":["GET"]}}],"collection":[{"href":"https:\/\/festival.rs\/marketing\/wp-json\/wp\/v2\/pages"}],"about":[{"href":"https:\/\/festival.rs\/marketing\/wp-json\/wp\/v2\/types\/page"}],"author":[{"embeddable":true,"href":"https:\/\/festival.rs\/marketing\/wp-json\/wp\/v2\/users\/1"}],"replies":[{"embeddable":true,"href":"https:\/\/festival.rs\/marketing\/wp-json\/wp\/v2\/comments?post=8745"}],"version-history":[{"count":7,"href":"https:\/\/festival.rs\/marketing\/wp-json\/wp\/v2\/pages\/8745\/revisions"}],"predecessor-version":[{"id":8819,"href":"https:\/\/festival.rs\/marketing\/wp-json\/wp\/v2\/pages\/8745\/revisions\/8819"}],"wp:attachment":[{"href":"https:\/\/festival.rs\/marketing\/wp-json\/wp\/v2\/media?parent=8745"}],"curies":[{"name":"wp","href":"https:\/\/api.w.org\/{rel}","templated":true}]}}