{"id":8739,"date":"2023-11-13T09:54:59","date_gmt":"2023-11-13T09:54:59","guid":{"rendered":"https:\/\/festival.rs\/marketing\/?page_id=8739"},"modified":"2023-11-13T09:59:45","modified_gmt":"2023-11-13T09:59:45","slug":"email-marketing","status":"publish","type":"page","link":"https:\/\/festival.rs\/marketing\/email-marketing\/","title":{"rendered":"Email marketing"},"content":{"rendered":"\t\t<div data-elementor-type=\"wp-page\" data-elementor-id=\"8739\" class=\"elementor elementor-8739\">\n\t\t\t\t\t\t\t<div class=\"elementor-element elementor-element-12785c3 e-flex e-con-boxed e-con e-parent\" data-id=\"12785c3\" data-element_type=\"container\" data-settings=\"{&quot;content_width&quot;:&quot;boxed&quot;}\" data-core-v316-plus=\"true\">\n\t\t\t\t\t<div class=\"e-con-inner\">\n\t\t\t\t<div class=\"elementor-element elementor-element-6c7052d elementor-widget elementor-widget-text-editor\" data-id=\"6c7052d\" data-element_type=\"widget\" data-widget_type=\"text-editor.default\">\n\t\t\t\t<div class=\"elementor-widget-container\">\n\t\t\t<style>\/*! elementor - v3.17.0 - 08-11-2023 *\/\n.elementor-widget-text-editor.elementor-drop-cap-view-stacked .elementor-drop-cap{background-color:#69727d;color:#fff}.elementor-widget-text-editor.elementor-drop-cap-view-framed .elementor-drop-cap{color:#69727d;border:3px solid;background-color:transparent}.elementor-widget-text-editor:not(.elementor-drop-cap-view-default) .elementor-drop-cap{margin-top:8px}.elementor-widget-text-editor:not(.elementor-drop-cap-view-default) .elementor-drop-cap-letter{width:1em;height:1em}.elementor-widget-text-editor .elementor-drop-cap{float:left;text-align:center;line-height:1;font-size:50px}.elementor-widget-text-editor .elementor-drop-cap-letter{display:inline-block}<\/style>\t\t\t\t<div id=\"desni-levi\"><h3>\u0160ta mo\u017ee email marketing u\u010diniti za moj posao?<\/h3><p>Promotivne email poruke su jedan od najekonomi\u010dnijih na\u010dina za bilo koji posao za povezivanje sa klijentima. Istra\u017eivanja pokazuju da je pet puta ve\u0107a verovatno\u0107a da se poruka vidi putem email-a nego na dru\u0161tvenim medijima, kao \u0161to su Facebook ili Twitter.<\/p><\/div><h3>\u0160ta je email marketing?<\/h3><p>Imejl marketing predstavlja oblik direktnog marketinga u vidu slanja promotivnih imejl poruka ciljanoj populaciji. Kako je upotreba imejl-a \u0161iroko rasprostranjena i dostupna svima, on se i koristi u svojstvu idealnog re\u0161enja za promotivne aktivnosti.<\/p><h3>\u0160ta email marketing podrazumeva?<\/h3><ul><li>slanje email-ova sa reklamno-propagandnim oglasima radi sticanja novih kupaca i klijenata<\/li><li>slanje poruka ve\u0107 postoje\u0107im klijentima i kupcima<\/li><\/ul><h3>Prednosti email marketing-a<\/h3><p>Jedna od glavnih prednosti imejl marketinga je upravo to \u0161to se mo\u017ee posmatrati \u0161ta se sa poslatom porukom desilo. Tako da mo\u017eemo dobiti podatke o tome koliko je korisnika otvorilo poruku, koliko je kliknulo na link koji se nalazi u poruci, koliko je poruka dospelo do korisnika i koji broj korisnika se odjavio sa mejling liste.<\/p>\t\t\t\t\t\t<\/div>\n\t\t\t\t<\/div>\n\t\t\t\t\t<\/div>\n\t\t\t\t<\/div>\n\t\t<div class=\"elementor-element elementor-element-3ba205c e-flex e-con-boxed e-con e-parent\" data-id=\"3ba205c\" data-element_type=\"container\" data-settings=\"{&quot;content_width&quot;:&quot;boxed&quot;}\" data-core-v316-plus=\"true\">\n\t\t\t\t\t<div class=\"e-con-inner\">\n\t\t\t\t<div class=\"elementor-element elementor-element-b605bcb elementor-widget elementor-widget-heading\" data-id=\"b605bcb\" data-element_type=\"widget\" data-widget_type=\"heading.default\">\n\t\t\t\t<div class=\"elementor-widget-container\">\n\t\t\t<style>\/*! elementor - v3.17.0 - 08-11-2023 *\/\n.elementor-heading-title{padding:0;margin:0;line-height:1}.elementor-widget-heading .elementor-heading-title[class*=elementor-size-]>a{color:inherit;font-size:inherit;line-height:inherit}.elementor-widget-heading .elementor-heading-title.elementor-size-small{font-size:15px}.elementor-widget-heading .elementor-heading-title.elementor-size-medium{font-size:19px}.elementor-widget-heading .elementor-heading-title.elementor-size-large{font-size:29px}.elementor-widget-heading .elementor-heading-title.elementor-size-xl{font-size:39px}.elementor-widget-heading .elementor-heading-title.elementor-size-xxl{font-size:59px}<\/style><h3 class=\"elementor-heading-title elementor-size-default\">Posedujemo baze email adresa Srbije, Crne Gore, Slovenije, Hrvatske, Bosne i Hercegovine, Rusije, Ma\u0111arske, Bugarske, Makedonije, Italije, Gr\u010dke, Amerike, Nema\u010dke, Francuske, Turske, Kine, Ujedinjenih Arapskih Emirata... Mo\u017eemo obezbediti baze za bilo koju dr\u017eavu! Neke od na\u0161ih baza biznis email adresa ( ispod imena dr\u017eave je broj email adresa ):<\/h3>\t\t<\/div>\n\t\t\t\t<\/div>\n\t\t\t\t\t<\/div>\n\t\t\t\t<\/div>\n\t\t<div class=\"elementor-element elementor-element-6809b7f e-flex e-con-boxed e-con e-parent\" data-id=\"6809b7f\" data-element_type=\"container\" data-settings=\"{&quot;content_width&quot;:&quot;boxed&quot;}\" data-core-v316-plus=\"true\">\n\t\t\t\t\t<div class=\"e-con-inner\">\n\t\t\t\t<div class=\"elementor-element elementor-element-4fb8b8b elementor-widget elementor-widget-image\" data-id=\"4fb8b8b\" data-element_type=\"widget\" data-widget_type=\"image.default\">\n\t\t\t\t<div class=\"elementor-widget-container\">\n\t\t\t<style>\/*! elementor - v3.17.0 - 08-11-2023 *\/\n.elementor-widget-image{text-align:center}.elementor-widget-image a{display:inline-block}.elementor-widget-image a img[src$=\".svg\"]{width:48px}.elementor-widget-image img{vertical-align:middle;display:inline-block}<\/style>\t\t\t\t\t\t\t\t\t\t\t\t<img fetchpriority=\"high\" decoding=\"async\" width=\"1024\" height=\"714\" src=\"https:\/\/festival.rs\/marketing\/wp-content\/uploads\/2023\/11\/raspored_zastava_biznis-1024x714.jpg\" class=\"attachment-large size-large wp-image-8710\" alt=\"\" srcset=\"https:\/\/festival.rs\/marketing\/wp-content\/uploads\/2023\/11\/raspored_zastava_biznis-1024x714.jpg 1024w, https:\/\/festival.rs\/marketing\/wp-content\/uploads\/2023\/11\/raspored_zastava_biznis-300x209.jpg 300w, https:\/\/festival.rs\/marketing\/wp-content\/uploads\/2023\/11\/raspored_zastava_biznis-768x536.jpg 768w, https:\/\/festival.rs\/marketing\/wp-content\/uploads\/2023\/11\/raspored_zastava_biznis-360x250.jpg 360w, https:\/\/festival.rs\/marketing\/wp-content\/uploads\/2023\/11\/raspored_zastava_biznis.jpg 1100w\" sizes=\"(max-width: 1024px) 100vw, 1024px\" \/>\t\t\t\t\t\t\t\t\t\t\t\t\t\t\t<\/div>\n\t\t\t\t<\/div>\n\t\t\t\t\t<\/div>\n\t\t\t\t<\/div>\n\t\t<div class=\"elementor-element elementor-element-3403e0a e-flex e-con-boxed e-con e-parent\" data-id=\"3403e0a\" data-element_type=\"container\" data-settings=\"{&quot;content_width&quot;:&quot;boxed&quot;}\" data-core-v316-plus=\"true\">\n\t\t\t\t\t<div class=\"e-con-inner\">\n\t\t\t\t<div class=\"elementor-element elementor-element-bddea62 elementor-widget elementor-widget-heading\" data-id=\"bddea62\" data-element_type=\"widget\" data-widget_type=\"heading.default\">\n\t\t\t\t<div class=\"elementor-widget-container\">\n\t\t\t<h3 class=\"elementor-heading-title elementor-size-default\">Neke od na\u0161ih baza email adresa potro\u0161a\u010da ( ispod imena dr\u017eave je broj email adresa ):<\/h3>\t\t<\/div>\n\t\t\t\t<\/div>\n\t\t\t\t\t<\/div>\n\t\t\t\t<\/div>\n\t\t<div class=\"elementor-element elementor-element-b76828b e-flex e-con-boxed e-con e-parent\" data-id=\"b76828b\" data-element_type=\"container\" data-settings=\"{&quot;content_width&quot;:&quot;boxed&quot;}\" data-core-v316-plus=\"true\">\n\t\t\t\t\t<div class=\"e-con-inner\">\n\t\t\t\t<div class=\"elementor-element elementor-element-302fb87 elementor-widget elementor-widget-image\" data-id=\"302fb87\" data-element_type=\"widget\" data-widget_type=\"image.default\">\n\t\t\t\t<div class=\"elementor-widget-container\">\n\t\t\t\t\t\t\t\t\t\t\t\t\t\t\t<img decoding=\"async\" width=\"920\" height=\"510\" src=\"https:\/\/festival.rs\/marketing\/wp-content\/uploads\/2023\/11\/raspored_zastava_potrosac.jpg\" class=\"attachment-large size-large wp-image-8711\" alt=\"\" srcset=\"https:\/\/festival.rs\/marketing\/wp-content\/uploads\/2023\/11\/raspored_zastava_potrosac.jpg 920w, https:\/\/festival.rs\/marketing\/wp-content\/uploads\/2023\/11\/raspored_zastava_potrosac-300x166.jpg 300w, https:\/\/festival.rs\/marketing\/wp-content\/uploads\/2023\/11\/raspored_zastava_potrosac-768x426.jpg 768w\" sizes=\"(max-width: 920px) 100vw, 920px\" \/>\t\t\t\t\t\t\t\t\t\t\t\t\t\t\t<\/div>\n\t\t\t\t<\/div>\n\t\t\t\t\t<\/div>\n\t\t\t\t<\/div>\n\t\t\t\t\t\t\t<\/div>\n\t\t","protected":false},"excerpt":{"rendered":"<p>\u0160ta mo\u017ee email marketing u\u010diniti za moj posao? Promotivne email poruke su jedan od najekonomi\u010dnijih na\u010dina za bilo koji posao za povezivanje sa klijentima. Istra\u017eivanja pokazuju da je pet puta ve\u0107a verovatno\u0107a da se poruka vidi putem email-a nego na dru\u0161tvenim medijima, kao \u0161to su Facebook ili Twitter. \u0160ta je email marketing? Imejl marketing predstavlja [&hellip;]<\/p>\n","protected":false},"author":1,"featured_media":0,"parent":0,"menu_order":0,"comment_status":"closed","ping_status":"closed","template":"","meta":{"footnotes":""},"class_list":["post-8739","page","type-page","status-publish","hentry","no-post-thumbnail"],"acf":[],"_links":{"self":[{"href":"https:\/\/festival.rs\/marketing\/wp-json\/wp\/v2\/pages\/8739","targetHints":{"allow":["GET"]}}],"collection":[{"href":"https:\/\/festival.rs\/marketing\/wp-json\/wp\/v2\/pages"}],"about":[{"href":"https:\/\/festival.rs\/marketing\/wp-json\/wp\/v2\/types\/page"}],"author":[{"embeddable":true,"href":"https:\/\/festival.rs\/marketing\/wp-json\/wp\/v2\/users\/1"}],"replies":[{"embeddable":true,"href":"https:\/\/festival.rs\/marketing\/wp-json\/wp\/v2\/comments?post=8739"}],"version-history":[{"count":5,"href":"https:\/\/festival.rs\/marketing\/wp-json\/wp\/v2\/pages\/8739\/revisions"}],"predecessor-version":[{"id":8744,"href":"https:\/\/festival.rs\/marketing\/wp-json\/wp\/v2\/pages\/8739\/revisions\/8744"}],"wp:attachment":[{"href":"https:\/\/festival.rs\/marketing\/wp-json\/wp\/v2\/media?parent=8739"}],"curies":[{"name":"wp","href":"https:\/\/api.w.org\/{rel}","templated":true}]}}